{"id":16097,"date":"2023-05-31T10:18:12","date_gmt":"2023-05-31T10:18:12","guid":{"rendered":"http:\/\/www.auto-porta.com\/automatitzacio-portes-autoporta\/"},"modified":"2023-07-26T16:22:22","modified_gmt":"2023-07-26T16:22:22","slug":"automatitzacio-portes-autoporta","status":"publish","type":"page","link":"http:\/\/www.auto-porta.com\/es\/automatitzacio-portes-autoporta\/","title":{"rendered":"Automatizaci\u00f3n"},"content":{"rendered":"<p>[vc_row bg_image=\u00bb15863&#8243; bg_color=\u00bb#003763&#8243; top_padding=\u00bb310&#8243; bottom_padding=\u00bb120&#8243; bg_position=\u00bbcenter center\u00bb][vc_column width=\u00bb1\/1&#8243;]<h1 class=\"headline font-special fontsize-xxxxxl fontweight-700 lh-13 align-left transform-inherit lowercase\" style=\"margin: 0 0 20px 0; color: #ffffff;\">Automatizaci\u00f3n de puertas,<br \/>\nvallas y persianas.<\/h1><div class=\"headline font-inherit fontsize-xl fontweight-300 lh-inherit align-left transform-inherit \" style=\"margin: 0; color: #ffffff;\">\u00bfNecesitas automatizar las puertas, persianas<br \/>\ny\/o vallas de tu casa, negocio o nave?<br \/>\nOfrecemos servicio de automatizaci\u00f3n de todo tipo<br \/>\nde puertas, vallas y persianas.<\/div>[\/vc_column][\/vc_row][vc_row top_padding=\u00bb100&#8243; bottom_padding=\u00bb100&#8243;][vc_column width=\u00bb2\/3&#8243;]<div class=\"headline font-inherit fontsize-m fontweight-inherit lh-19 align-left transform-inherit \" style=\"margin: 0; color: #666666;\">En Autoporta pensamos en tu comodidad y queremos<br \/>\namenizar tu d\u00eda a d\u00eda simplificando los movimientos<br \/>\nque realizas al entrar y salir de casa.<br \/>\nDisponemos de una amplia variedad de motores para la automatizaci\u00f3n<br \/>\nde vallas, persianas, cortinas y toda clase de puertas;<br \/>\nbasculantes, enrollables, seccionales, batientes, correderas&#8230;<br \/>\n<\/div>[\/vc_column][vc_column text_align=\u00bbright\u00bb width=\u00bb1\/3&#8243;][vc_column_text]<a href=\"tel:938390805\" target=\"_blank\" class=\"button color-2 large \" style=\"border-radius: 2px;\">Ll\u00e1manos<\/a> <a href=\"http:\/\/www.auto-porta.com\/es\/contacte\" target=\"_blank\" class=\"button color-3 large \" style=\"border-radius: 2px;\">Contacto<\/a>[\/vc_column_text][\/vc_column][\/vc_row][vc_row type=\u00bbfull_width_section\u00bb bg_position=\u00bbleft top\u00bb][vc_column bg_color=\u00bb#222222&#8243; column_padding=\u00bbpadding-5&#8243; column_center=\u00bbtrue\u00bb text_color=\u00bblight\u00bb width=\u00bb1\/3&#8243;][vc_column_text]<\/p>\n<h3 class=\"font-special\">PENSAMOS EN TI<\/h3>\n<p>Trabajamos y te ofrecemos productos con el fin de encontrar una soluci\u00f3n que se adapte de la mejor manera posible a tus necesidades. Buscamos la comodidad de tu d\u00eda a d\u00eda automatizando las puertas de tu vivienda.[\/vc_column_text][\/vc_column][vc_column bg_image=\u00bb15935&#8243; column_padding=\u00bbpadding-5&#8243; column_center=\u00bbtrue\u00bb width=\u00bb1\/3&#8243;]<div class=\"spacer\" style=\"height: 200px;\"><\/div>[\/vc_column][vc_column bg_color=\u00bb#fafafa\u00bb bg_image=\u00bb15809&#8243; column_padding=\u00bbpadding-5&#8243; column_center=\u00bbtrue\u00bb width=\u00bb1\/3&#8243;]<div class=\"spacer\" style=\"height: 200px;\"><\/div>[\/vc_column][\/vc_row][vc_row type=\u00bbfull_width_section\u00bb bg_position=\u00bbleft top\u00bb][vc_column bg_image=\u00bb15807&#8243; column_padding=\u00bbpadding-5&#8243; column_center=\u00bbtrue\u00bb width=\u00bb1\/3&#8243;]<div class=\"spacer\" style=\"height: 200px;\"><\/div>[\/vc_column][vc_column bg_color=\u00bb#003763&#8243; column_padding=\u00bbpadding-5&#8243; column_center=\u00bbtrue\u00bb text_color=\u00bblight\u00bb width=\u00bb1\/3&#8243;][vc_column_text]<\/p>\n<h3 class=\"font-special\">TODO TIPO DE PROYECTOS<\/h3>\n<p>La adaptabilidad es un t\u00e9rmino que nos caracteriza. Ofrecemos una gama completa de soluciones de automatizaci\u00f3n, tanto para proyectos dom\u00e9sticos y residenciales, como p\u00fablicos, comerciales o industriales.[\/vc_column_text][\/vc_column][vc_column bg_image=\u00bb15806&#8243; column_padding=\u00bbpadding-5&#8243; column_center=\u00bbtrue\u00bb width=\u00bb1\/3&#8243;]<div class=\"spacer\" style=\"height: 200px;\"><\/div>[\/vc_column][\/vc_row][vc_row type=\u00bbfull_width_section\u00bb bg_position=\u00bbleft top\u00bb][vc_column bg_image=\u00bb15805&#8243; column_padding=\u00bbpadding-5&#8243; column_center=\u00bbtrue\u00bb width=\u00bb1\/3&#8243;]<div class=\"spacer\" style=\"height: 200px;\"><\/div>[\/vc_column][vc_column bg_color=\u00bb#ffffff\u00bb bg_image=\u00bb15936&#8243; column_padding=\u00bbpadding-5&#8243; column_center=\u00bbtrue\u00bb text_color=\u00bblight\u00bb width=\u00bb1\/3&#8243;]<div class=\"spacer\" style=\"height: 200px;\"><\/div>[\/vc_column][vc_column bg_image=\u00bb15804&#8243; column_padding=\u00bbpadding-5&#8243; column_center=\u00bbtrue\u00bb width=\u00bb1\/3&#8243;]<div class=\"spacer\" style=\"height: 200px;\"><\/div>[\/vc_column][\/vc_row][vc_row type=\u00bbfull_width_section\u00bb bg_position=\u00bbleft top\u00bb][vc_column width=\u00bb1\/1&#8243;]<div class=\"divider divider1\" style='margin:0 !important;'><\/div>[\/vc_column][\/vc_row][vc_row bg_color=\u00bb#ffffff\u00bb text_align=\u00bbcenter\u00bb top_padding=\u00bb120&#8243; bottom_padding=\u00bb120&#8243; bg_position=\u00bbleft top\u00bb][vc_column width=\u00bb1\/1&#8243;]<h2 class=\"headline font-special fontsize-xl fontweight-700 lh-inherit align-center transform-uppercase \" style=\"margin: 0 0 20px 0;\">Pide tu presupuesto<\/h2><div class=\"headline font-inherit fontsize-l fontweight-inherit lh-inherit align-center transform-inherit \" style=\"margin: 0 0 40px 0; color: #999999;\">Si requieres uno o varios sistemas de automatizaci\u00f3n<br \/>\npara tu hogar, negocio o empresa no dudes en solicitarnos<br \/>\npresupuesto, sin compromiso alguno.<\/div>[vc_column_text]<a href=\"\/es\/contacte\/\" target=\"_self\" class=\"button color-2 large \" style=\"border-radius: 2px;\">Contacta con Nosotros<\/a>[\/vc_column_text][\/vc_column][\/vc_row]<\/p>\n","protected":false},"excerpt":{"rendered":"<p>[vc_row bg_image=\u00bb15863&#8243; bg_color=\u00bb#003763&#8243; top_padding=\u00bb310&#8243; bottom_padding=\u00bb120&#8243; bg_position=\u00bbcenter center\u00bb][vc_column width=\u00bb1\/1&#8243;][\/vc_column][\/vc_row][vc_row top_padding=\u00bb100&#8243; bottom_padding=\u00bb100&#8243;][vc_column width=\u00bb2\/3&#8243;][\/vc_column][vc_column text_align=\u00bbright\u00bb width=\u00bb1\/3&#8243;][vc_column_text] [\/vc_column_text][\/vc_column][\/vc_row][vc_row type=\u00bbfull_width_section\u00bb bg_position=\u00bbleft top\u00bb][vc_column bg_color=\u00bb#222222&#8243; column_padding=\u00bbpadding-5&#8243; column_center=\u00bbtrue\u00bb text_color=\u00bblight\u00bb width=\u00bb1\/3&#8243;][vc_column_text] PENSAMOS EN TI Trabajamos y te ofrecemos productos con el fin de encontrar una soluci\u00f3n que se adapte de la mejor manera posible a tus necesidades. Buscamos la comodidad de tu d\u00eda a d\u00eda automatizando las puertas de tu vivienda.[\/vc_column_text][\/vc_column][vc_column bg_image=\u00bb15935&#8243; column_padding=\u00bbpadding-5&#8243; column_center=\u00bbtrue\u00bb width=\u00bb1\/3&#8243;][\/vc_column][vc_column bg_color=\u00bb#fafafa\u00bb bg_image=\u00bb15809&#8243; column_padding=\u00bbpadding-5&#8243; column_center=\u00bbtrue\u00bb width=\u00bb1\/3&#8243;][\/vc_column][\/vc_row][vc_row type=\u00bbfull_width_section\u00bb bg_position=\u00bbleft top\u00bb][vc_column bg_image=\u00bb15807&#8243; column_padding=\u00bbpadding-5&#8243; column_center=\u00bbtrue\u00bb width=\u00bb1\/3&#8243;][\/vc_column][vc_column bg_color=\u00bb#003763&#8243; column_padding=\u00bbpadding-5&#8243; column_center=\u00bbtrue\u00bb text_color=\u00bblight\u00bb width=\u00bb1\/3&#8243;][vc_column_text] TODO TIPO DE PROYECTOS La adaptabilidad es un t\u00e9rmino que nos caracteriza. Ofrecemos una gama completa de soluciones de automatizaci\u00f3n, tanto para proyectos dom\u00e9sticos y residenciales, como p\u00fablicos, comerciales o industriales.[\/vc_column_text][\/vc_column][vc_column bg_image=\u00bb15806&#8243; column_padding=\u00bbpadding-5&#8243; column_center=\u00bbtrue\u00bb width=\u00bb1\/3&#8243;][\/vc_column][\/vc_row][vc_row type=\u00bbfull_width_section\u00bb bg_position=\u00bbleft top\u00bb][vc_column bg_image=\u00bb15805&#8243; column_padding=\u00bbpadding-5&#8243; column_center=\u00bbtrue\u00bb width=\u00bb1\/3&#8243;][\/vc_column][vc_column bg_color=\u00bb#ffffff\u00bb bg_image=\u00bb15936&#8243; column_padding=\u00bbpadding-5&#8243; column_center=\u00bbtrue\u00bb text_color=\u00bblight\u00bb width=\u00bb1\/3&#8243;][\/vc_column][vc_column bg_image=\u00bb15804&#8243; column_padding=\u00bbpadding-5&#8243; column_center=\u00bbtrue\u00bb width=\u00bb1\/3&#8243;][\/vc_column][\/vc_row][vc_row type=\u00bbfull_width_section\u00bb bg_position=\u00bbleft top\u00bb][vc_column width=\u00bb1\/1&#8243;][\/vc_column][\/vc_row][vc_row bg_color=\u00bb#ffffff\u00bb text_align=\u00bbcenter\u00bb top_padding=\u00bb120&#8243; bottom_padding=\u00bb120&#8243; bg_position=\u00bbleft top\u00bb][vc_column width=\u00bb1\/1&#8243;][vc_column_text][\/vc_column_text][\/vc_column][\/vc_row]<\/p>\n","protected":false},"author":1,"featured_media":0,"parent":0,"menu_order":0,"comment_status":"open","ping_status":"closed","template":"","meta":{"_joinchat":[],"footnotes":""},"class_list":["post-16097","page","type-page","status-publish","hentry"],"yoast_head":"<!-- This site is optimized with the Yoast SEO plugin v20.12 - https:\/\/yoast.com\/wordpress\/plugins\/seo\/ -->\n<title>AutoPorta \u00b7 Automatizaci\u00f3n de puertas vallas y persianas en BCN<\/title>\n<meta name=\"description\" content=\"AutoPorta \u00b7 Automatizaci\u00f3n de puertas vallas y persianas en BCN AutoPorta \u00b7 Automatizaci\u00f3n de puertas vallas y persianas en BCN\" \/>\n<meta name=\"robots\" content=\"index, follow, max-snippet:-1, max-image-preview:large, max-video-preview:-1\" \/>\n<link rel=\"canonical\" href=\"http:\/\/www.auto-porta.com\/es\/automatitzacio-portes-autoporta\/\" \/>\n<meta property=\"og:locale\" content=\"es_ES\" \/>\n<meta property=\"og:type\" content=\"article\" \/>\n<meta property=\"og:title\" content=\"AutoPorta \u00b7 Automatizaci\u00f3n de puertas vallas y persianas en BCN\" \/>\n<meta property=\"og:description\" content=\"AutoPorta \u00b7 Automatizaci\u00f3n de puertas vallas y persianas en BCN AutoPorta \u00b7 Automatizaci\u00f3n de puertas vallas y persianas en BCN\" \/>\n<meta property=\"og:url\" content=\"http:\/\/www.auto-porta.com\/es\/automatitzacio-portes-autoporta\/\" \/>\n<meta property=\"og:site_name\" content=\"AUTOPORTA\" \/>\n<meta property=\"article:modified_time\" content=\"2023-07-26T16:22:22+00:00\" \/>\n<meta name=\"twitter:card\" content=\"summary_large_image\" \/>\n<meta name=\"twitter:label1\" content=\"Tiempo de lectura\" \/>\n\t<meta name=\"twitter:data1\" content=\"2 minutos\" \/>\n<script type=\"application\/ld+json\" class=\"yoast-schema-graph\">{\"@context\":\"https:\/\/schema.org\",\"@graph\":[{\"@type\":\"WebPage\",\"@id\":\"http:\/\/www.auto-porta.com\/es\/automatitzacio-portes-autoporta\/\",\"url\":\"http:\/\/www.auto-porta.com\/es\/automatitzacio-portes-autoporta\/\",\"name\":\"AutoPorta \u00b7 Automatizaci\u00f3n de puertas vallas y persianas en BCN\",\"isPartOf\":{\"@id\":\"http:\/\/www.auto-porta.com\/#website\"},\"datePublished\":\"2023-05-31T10:18:12+00:00\",\"dateModified\":\"2023-07-26T16:22:22+00:00\",\"description\":\"AutoPorta \u00b7 Automatizaci\u00f3n de puertas vallas y persianas en BCN AutoPorta \u00b7 Automatizaci\u00f3n de puertas vallas y persianas en BCN\",\"breadcrumb\":{\"@id\":\"http:\/\/www.auto-porta.com\/es\/automatitzacio-portes-autoporta\/#breadcrumb\"},\"inLanguage\":\"es\",\"potentialAction\":[{\"@type\":\"ReadAction\",\"target\":[\"http:\/\/www.auto-porta.com\/es\/automatitzacio-portes-autoporta\/\"]}]},{\"@type\":\"BreadcrumbList\",\"@id\":\"http:\/\/www.auto-porta.com\/es\/automatitzacio-portes-autoporta\/#breadcrumb\",\"itemListElement\":[{\"@type\":\"ListItem\",\"position\":1,\"name\":\"Portada\",\"item\":\"http:\/\/www.auto-porta.com\/es\/\"},{\"@type\":\"ListItem\",\"position\":2,\"name\":\"Automatizaci\u00f3n\"}]},{\"@type\":\"WebSite\",\"@id\":\"http:\/\/www.auto-porta.com\/#website\",\"url\":\"http:\/\/www.auto-porta.com\/\",\"name\":\"Autoporta \u00b7 Portes i Automatismes\",\"description\":\"Especialistes en portes i automatismes a mida\",\"publisher\":{\"@id\":\"http:\/\/www.auto-porta.com\/#organization\"},\"potentialAction\":[{\"@type\":\"SearchAction\",\"target\":{\"@type\":\"EntryPoint\",\"urlTemplate\":\"http:\/\/www.auto-porta.com\/?s={search_term_string}\"},\"query-input\":\"required name=search_term_string\"}],\"inLanguage\":\"es\"},{\"@type\":\"Organization\",\"@id\":\"http:\/\/www.auto-porta.com\/#organization\",\"name\":\"Autoporta\",\"url\":\"http:\/\/www.auto-porta.com\/\",\"logo\":{\"@type\":\"ImageObject\",\"inLanguage\":\"es\",\"@id\":\"http:\/\/www.auto-porta.com\/#\/schema\/logo\/image\/\",\"url\":\"http:\/\/www.auto-porta.com\/wp-content\/uploads\/2023\/06\/logo_autoporta_h2.png\",\"contentUrl\":\"http:\/\/www.auto-porta.com\/wp-content\/uploads\/2023\/06\/logo_autoporta_h2.png\",\"width\":288,\"height\":68,\"caption\":\"Autoporta\"},\"image\":{\"@id\":\"http:\/\/www.auto-porta.com\/#\/schema\/logo\/image\/\"},\"sameAs\":[\"https:\/\/www.instagram.com\/metalliquesautoporta\/\"]}]}<\/script>\n<!-- \/ Yoast SEO plugin. -->","yoast_head_json":{"title":"AutoPorta \u00b7 Automatizaci\u00f3n de puertas vallas y persianas en BCN","description":"AutoPorta \u00b7 Automatizaci\u00f3n de puertas vallas y persianas en BCN AutoPorta \u00b7 Automatizaci\u00f3n de puertas vallas y persianas en BCN","robots":{"index":"index","follow":"follow","max-snippet":"max-snippet:-1","max-image-preview":"max-image-preview:large","max-video-preview":"max-video-preview:-1"},"canonical":"http:\/\/www.auto-porta.com\/es\/automatitzacio-portes-autoporta\/","og_locale":"es_ES","og_type":"article","og_title":"AutoPorta \u00b7 Automatizaci\u00f3n de puertas vallas y persianas en BCN","og_description":"AutoPorta \u00b7 Automatizaci\u00f3n de puertas vallas y persianas en BCN AutoPorta \u00b7 Automatizaci\u00f3n de puertas vallas y persianas en BCN","og_url":"http:\/\/www.auto-porta.com\/es\/automatitzacio-portes-autoporta\/","og_site_name":"AUTOPORTA","article_modified_time":"2023-07-26T16:22:22+00:00","twitter_card":"summary_large_image","twitter_misc":{"Tiempo de lectura":"2 minutos"},"schema":{"@context":"https:\/\/schema.org","@graph":[{"@type":"WebPage","@id":"http:\/\/www.auto-porta.com\/es\/automatitzacio-portes-autoporta\/","url":"http:\/\/www.auto-porta.com\/es\/automatitzacio-portes-autoporta\/","name":"AutoPorta \u00b7 Automatizaci\u00f3n de puertas vallas y persianas en BCN","isPartOf":{"@id":"http:\/\/www.auto-porta.com\/#website"},"datePublished":"2023-05-31T10:18:12+00:00","dateModified":"2023-07-26T16:22:22+00:00","description":"AutoPorta \u00b7 Automatizaci\u00f3n de puertas vallas y persianas en BCN AutoPorta \u00b7 Automatizaci\u00f3n de puertas vallas y persianas en BCN","breadcrumb":{"@id":"http:\/\/www.auto-porta.com\/es\/automatitzacio-portes-autoporta\/#breadcrumb"},"inLanguage":"es","potentialAction":[{"@type":"ReadAction","target":["http:\/\/www.auto-porta.com\/es\/automatitzacio-portes-autoporta\/"]}]},{"@type":"BreadcrumbList","@id":"http:\/\/www.auto-porta.com\/es\/automatitzacio-portes-autoporta\/#breadcrumb","itemListElement":[{"@type":"ListItem","position":1,"name":"Portada","item":"http:\/\/www.auto-porta.com\/es\/"},{"@type":"ListItem","position":2,"name":"Automatizaci\u00f3n"}]},{"@type":"WebSite","@id":"http:\/\/www.auto-porta.com\/#website","url":"http:\/\/www.auto-porta.com\/","name":"Autoporta \u00b7 Portes i Automatismes","description":"Especialistes en portes i automatismes a mida","publisher":{"@id":"http:\/\/www.auto-porta.com\/#organization"},"potentialAction":[{"@type":"SearchAction","target":{"@type":"EntryPoint","urlTemplate":"http:\/\/www.auto-porta.com\/?s={search_term_string}"},"query-input":"required name=search_term_string"}],"inLanguage":"es"},{"@type":"Organization","@id":"http:\/\/www.auto-porta.com\/#organization","name":"Autoporta","url":"http:\/\/www.auto-porta.com\/","logo":{"@type":"ImageObject","inLanguage":"es","@id":"http:\/\/www.auto-porta.com\/#\/schema\/logo\/image\/","url":"http:\/\/www.auto-porta.com\/wp-content\/uploads\/2023\/06\/logo_autoporta_h2.png","contentUrl":"http:\/\/www.auto-porta.com\/wp-content\/uploads\/2023\/06\/logo_autoporta_h2.png","width":288,"height":68,"caption":"Autoporta"},"image":{"@id":"http:\/\/www.auto-porta.com\/#\/schema\/logo\/image\/"},"sameAs":["https:\/\/www.instagram.com\/metalliquesautoporta\/"]}]}},"_links":{"self":[{"href":"http:\/\/www.auto-porta.com\/es\/wp-json\/wp\/v2\/pages\/16097","targetHints":{"allow":["GET"]}}],"collection":[{"href":"http:\/\/www.auto-porta.com\/es\/wp-json\/wp\/v2\/pages"}],"about":[{"href":"http:\/\/www.auto-porta.com\/es\/wp-json\/wp\/v2\/types\/page"}],"author":[{"embeddable":true,"href":"http:\/\/www.auto-porta.com\/es\/wp-json\/wp\/v2\/users\/1"}],"replies":[{"embeddable":true,"href":"http:\/\/www.auto-porta.com\/es\/wp-json\/wp\/v2\/comments?post=16097"}],"version-history":[{"count":2,"href":"http:\/\/www.auto-porta.com\/es\/wp-json\/wp\/v2\/pages\/16097\/revisions"}],"predecessor-version":[{"id":16099,"href":"http:\/\/www.auto-porta.com\/es\/wp-json\/wp\/v2\/pages\/16097\/revisions\/16099"}],"wp:attachment":[{"href":"http:\/\/www.auto-porta.com\/es\/wp-json\/wp\/v2\/media?parent=16097"}],"curies":[{"name":"wp","href":"https:\/\/api.w.org\/{rel}","templated":true}]}}